{"id":2,"date":"2025-06-16T15:50:40","date_gmt":"2025-06-16T15:50:40","guid":{"rendered":"http:\/\/consumetica.com\/?page_id=2"},"modified":"2025-06-17T15:59:45","modified_gmt":"2025-06-17T15:59:45","slug":"sobre","status":"publish","type":"page","link":"https:\/\/consumetica.com\/index.php\/sobre\/","title":{"rendered":"BIENVENIDO"},"content":{"rendered":"\n<p>Lo primero, nos presentamos \ud83d\ude09 <\/p>\n\n\n\n<p>CONSUM\u00c9TICA es un proyecto que nace de la inconformidad con el actual modelo de consumo. Compramos cada d\u00eda de nuestras vidas de manera y en general no reflexionamos sobre lo que mueve nuestro proceso de decisi\u00f3n y el impacto que este tiene en nuestro entorno. A solo click de distancia, traemos a nuestros hogares productos de los cuales poco o nada sabemos. En general, ignoramos su pasado (el origen de sus insumos, proceso productivo) y futuro (lo que pasar\u00e1 con sus envases despu\u00e9s de pasar por nuestras manos y sus consecuencias para el medio ambiente).<\/p>\n\n\n\n<p><br>A pesar del conocimiento general sobre la <strong>emergencia clim\u00e1tica <\/strong>y la brillante promesa de la <strong>econom\u00eda circular,<\/strong> nos cuesta convertir nuestra preocupaci\u00f3n en acci\u00f3n. Iniciativas de comercio justo y solidario, l\u00edneas de productos &#8220;ECO&#8221; y nuevos servicios llegan al mercado&#8230;.pero nos cuesta cambiar. La gran mayor\u00eda de las personas siguen yendo de compras de la misma manera de siempre. \u00bfPor qu\u00e9?<\/p>\n\n\n\n<p><br>Existen razones estructurales que apartan las personas de productos alternativos, como la distribuci\u00f3n y los precios de la producci\u00f3n a gran escala. Pero la <strong>DESINFORMACI\u00d3N<\/strong> y los <strong>PREJUICIOS <\/strong>juegan un papel importante en este problema. Para muchos el consumo sostenible parece un ideal inalcanzable y volcado a estilos de vida que no les representan. Encajar en nuestras rutinas urbanas ajetreadas alternativas de consumo sostenibles puede parecer abrumador, en especial si no te lo tomas con calma y das con productos que funcionan para ti.<\/p>\n\n\n\n<p><\/p>\n\n\n\n<p><mark style=\"background-color:#7abcac\" class=\"has-inline-color\">El objetivo de CONSUM\u00c9TICA es acercar a las personas a alternativas de consumo responsable<strong>.<\/strong> <\/mark><\/p>\n\n\n\n<p>Para eso, visibilizamos <strong>iniciativas positivas<\/strong> y damos a conocer <strong>buenas pr\u00e1cticas<\/strong> para que cada uno sea capaz de actuar dentro de su perspectiva y posibilidades. Te invito a utilizar el poder que tienes y utilizarlo en servicio de tus principios y prop\u00f3sitos. <\/p>\n\n\n\n<p>Si quieres formar parte del cambio, revisando tus h\u00e1bitos de consumo para llevar una vida m\u00e1s sostenible, qu\u00e9date por aqu\u00ed. \u00a1Seguro que te va a gustar!<\/p>\n\n\n\n<p>\ud83d\udce9 Inscr\u00edbete a nuestra newsletter y no te pierdas nada.<\/p>\n\n\n\n<div class=\"wpforms-container wpforms-container-full wpforms-render-modern\" id=\"wpforms-98\"><form id=\"wpforms-form-98\" class=\"wpforms-validate wpforms-form wpforms-ajax-form\" data-formid=\"98\" method=\"post\" enctype=\"multipart\/form-data\" action=\"\/index.php\/wp-json\/wp\/v2\/pages\/2\" data-token=\"9484d499154469568df5c6eb58a0c76a\" data-token-time=\"1776376103\"><noscript class=\"wpforms-error-noscript\">Please enable JavaScript in your browser to complete this form.<\/noscript><div class=\"wpforms-hidden\" id=\"wpforms-error-noscript\">Please enable JavaScript in your browser to complete this form.<\/div><div class=\"wpforms-field-container\"><div id=\"wpforms-98-field_1-container\" class=\"wpforms-field wpforms-field-name\" data-field-id=\"1\"><label class=\"wpforms-field-label\" for=\"wpforms-98-field_1\">Nombre <span class=\"wpforms-required-label\" aria-hidden=\"true\">*<\/span><\/label><input type=\"text\" id=\"wpforms-98-field_1\" class=\"wpforms-field-medium wpforms-field-required\" name=\"wpforms[fields][1]\" aria-errormessage=\"wpforms-98-field_1-error\" required><\/div><div id=\"wpforms-98-field_2-container\" class=\"wpforms-field wpforms-field-email\" data-field-id=\"2\"><label class=\"wpforms-field-label\" for=\"wpforms-98-field_2\">Email <span class=\"wpforms-required-label\" aria-hidden=\"true\">*<\/span><\/label><input type=\"email\" id=\"wpforms-98-field_2\" class=\"wpforms-field-medium wpforms-field-required\" name=\"wpforms[fields][2]\" spellcheck=\"false\" aria-errormessage=\"wpforms-98-field_2-error\" required><\/div>\t\t<div id=\"wpforms-98-field_4-container\"\n\t\t\tclass=\"wpforms-field wpforms-field-text\"\n\t\t\tdata-field-type=\"text\"\n\t\t\tdata-field-id=\"4\"\n\t\t\t>\n\t\t\t<label class=\"wpforms-field-label\" for=\"wpforms-98-field_4\" >Consentimiento Email Nombre<\/label>\n\t\t\t<input type=\"text\" id=\"wpforms-98-field_4\" class=\"wpforms-field-medium\" name=\"wpforms[fields][4]\" >\n\t\t<\/div>\n\t\t<div id=\"wpforms-98-field_3-container\" class=\"wpforms-field wpforms-field-checkbox\" data-field-id=\"3\"><fieldset><legend class=\"wpforms-field-label\">Consentimiento <span class=\"wpforms-required-label\" aria-hidden=\"true\">*<\/span><\/legend><ul id=\"wpforms-98-field_3\" class=\"wpforms-field-required\"><li class=\"choice-1 depth-1\"><input type=\"checkbox\" id=\"wpforms-98-field_3_1\" name=\"wpforms[fields][3][]\" value=\"Estoy de acuerdo en recibir emails de CONSUM\u00c9TICA con contenido educacional y promocional. Puedo darme de baja a cualquier momento.\" aria-errormessage=\"wpforms-98-field_3_1-error\" required ><label class=\"wpforms-field-label-inline\" for=\"wpforms-98-field_3_1\">Estoy de acuerdo en recibir emails de CONSUM\u00c9TICA con contenido educacional y promocional. Puedo darme de baja a cualquier momento.<\/label><\/li><\/ul><\/fieldset><\/div><script>\n\t\t\t\t( function() {\n\t\t\t\t\tconst style = document.createElement( 'style' );\n\t\t\t\t\tstyle.appendChild( document.createTextNode( '#wpforms-98-field_4-container { position: absolute !important; overflow: hidden !important; display: inline !important; height: 1px !important; width: 1px !important; z-index: -1000 !important; padding: 0 !important; } #wpforms-98-field_4-container input { visibility: hidden; } #wpforms-conversational-form-page #wpforms-98-field_4-container label { counter-increment: none; }' ) );\n\t\t\t\t\tdocument.head.appendChild( style );\n\t\t\t\t\tdocument.currentScript?.remove();\n\t\t\t\t} )();\n\t\t\t<\/script><\/div><!-- .wpforms-field-container --><div class=\"wpforms-submit-container\" ><input type=\"hidden\" name=\"wpforms[id]\" value=\"98\"><input type=\"hidden\" name=\"page_title\" value=\"\"><input type=\"hidden\" name=\"page_url\" value=\"https:\/\/consumetica.com\/index.php\/wp-json\/wp\/v2\/pages\/2\"><input type=\"hidden\" name=\"url_referer\" value=\"\"><button type=\"submit\" name=\"wpforms[submit]\" id=\"wpforms-submit-98\" class=\"wpforms-submit\" data-alt-text=\"Enviando...\" data-submit-text=\"ENVIAR\" aria-live=\"assertive\" value=\"wpforms-submit\">ENVIAR<\/button><img loading=\"lazy\" decoding=\"async\" src=\"https:\/\/consumetica.com\/wp-content\/plugins\/wpforms-lite\/assets\/images\/submit-spin.svg\" class=\"wpforms-submit-spinner\" style=\"display: none;\" width=\"26\" height=\"26\" alt=\"Loading\"><\/div><\/form><\/div>  <!-- .wpforms-container -->\n\n\n\n<p><\/p>\n","protected":false},"excerpt":{"rendered":"<p>Lo primero, nos presentamos \ud83d\ude09 CONSUM\u00c9TICA es un proyecto que nace de la inconformidad con el actual modelo de consumo. Compramos cada d\u00eda de nuestras vidas de manera y en general no reflexionamos sobre lo que mueve nuestro proceso de decisi\u00f3n y el impacto que este tiene en nuestro entorno. A solo click de distancia, [&hellip;]<\/p>\n","protected":false},"author":1,"featured_media":0,"parent":0,"menu_order":0,"comment_status":"closed","ping_status":"closed","template":"","meta":{"footnotes":""},"class_list":["post-2","page","type-page","status-publish","hentry"],"_links":{"self":[{"href":"https:\/\/consumetica.com\/index.php\/wp-json\/wp\/v2\/pages\/2","targetHints":{"allow":["GET"]}}],"collection":[{"href":"https:\/\/consumetica.com\/index.php\/wp-json\/wp\/v2\/pages"}],"about":[{"href":"https:\/\/consumetica.com\/index.php\/wp-json\/wp\/v2\/types\/page"}],"author":[{"embeddable":true,"href":"https:\/\/consumetica.com\/index.php\/wp-json\/wp\/v2\/users\/1"}],"replies":[{"embeddable":true,"href":"https:\/\/consumetica.com\/index.php\/wp-json\/wp\/v2\/comments?post=2"}],"version-history":[{"count":6,"href":"https:\/\/consumetica.com\/index.php\/wp-json\/wp\/v2\/pages\/2\/revisions"}],"predecessor-version":[{"id":102,"href":"https:\/\/consumetica.com\/index.php\/wp-json\/wp\/v2\/pages\/2\/revisions\/102"}],"wp:attachment":[{"href":"https:\/\/consumetica.com\/index.php\/wp-json\/wp\/v2\/media?parent=2"}],"curies":[{"name":"wp","href":"https:\/\/api.w.org\/{rel}","templated":true}]}}