{"id":106,"date":"2025-06-17T16:39:49","date_gmt":"2025-06-17T16:39:49","guid":{"rendered":"http:\/\/consumetica.com\/?page_id=106"},"modified":"2025-06-17T16:46:39","modified_gmt":"2025-06-17T16:46:39","slug":"newsletter","status":"publish","type":"page","link":"https:\/\/consumetica.com\/index.php\/newsletter\/","title":{"rendered":"NEWSLETTER"},"content":{"rendered":"\n<p>S\u00famate a nuestra comunidad para recibir ideas pr\u00e1cticas y fomentar h\u00e1bitos de consumo m\u00e1s sostenibles.<\/p>\n\n\n<div class=\"wpforms-container wpforms-container-full wpforms-block wpforms-block-b4d4fbbe-2ead-458b-ba6e-e9af33b76ef5 wpforms-render-modern\" id=\"wpforms-98\"><form id=\"wpforms-form-98\" class=\"wpforms-validate wpforms-form wpforms-ajax-form\" data-formid=\"98\" method=\"post\" enctype=\"multipart\/form-data\" action=\"\/index.php\/wp-json\/wp\/v2\/pages\/106\" data-token=\"9484d499154469568df5c6eb58a0c76a\" data-token-time=\"1776376827\"><noscript class=\"wpforms-error-noscript\">Please enable JavaScript in your browser to complete this form.<\/noscript><div class=\"wpforms-hidden\" id=\"wpforms-error-noscript\">Please enable JavaScript in your browser to complete this form.<\/div><div class=\"wpforms-field-container\">\t\t<div id=\"wpforms-98-field_4-container\"\n\t\t\tclass=\"wpforms-field wpforms-field-text\"\n\t\t\tdata-field-type=\"text\"\n\t\t\tdata-field-id=\"4\"\n\t\t\t>\n\t\t\t<label class=\"wpforms-field-label\" for=\"wpforms-98-field_4\" >Consentimiento Nombre Email<\/label>\n\t\t\t<input type=\"text\" id=\"wpforms-98-field_4\" class=\"wpforms-field-medium\" name=\"wpforms[fields][4]\" >\n\t\t<\/div>\n\t\t<div id=\"wpforms-98-field_1-container\" class=\"wpforms-field wpforms-field-name\" data-field-id=\"1\"><label class=\"wpforms-field-label\" for=\"wpforms-98-field_1\">Nombre <span class=\"wpforms-required-label\" aria-hidden=\"true\">*<\/span><\/label><input type=\"text\" id=\"wpforms-98-field_1\" class=\"wpforms-field-medium wpforms-field-required\" name=\"wpforms[fields][1]\" aria-errormessage=\"wpforms-98-field_1-error\" required><\/div><div id=\"wpforms-98-field_2-container\" class=\"wpforms-field wpforms-field-email\" data-field-id=\"2\"><label class=\"wpforms-field-label\" for=\"wpforms-98-field_2\">Email <span class=\"wpforms-required-label\" aria-hidden=\"true\">*<\/span><\/label><input type=\"email\" id=\"wpforms-98-field_2\" class=\"wpforms-field-medium wpforms-field-required\" name=\"wpforms[fields][2]\" spellcheck=\"false\" aria-errormessage=\"wpforms-98-field_2-error\" required><\/div><div id=\"wpforms-98-field_3-container\" class=\"wpforms-field wpforms-field-checkbox\" data-field-id=\"3\"><fieldset><legend class=\"wpforms-field-label\">Consentimiento <span class=\"wpforms-required-label\" aria-hidden=\"true\">*<\/span><\/legend><ul id=\"wpforms-98-field_3\" class=\"wpforms-field-required\"><li class=\"choice-1 depth-1\"><input type=\"checkbox\" id=\"wpforms-98-field_3_1\" name=\"wpforms[fields][3][]\" value=\"Estoy de acuerdo en recibir emails de CONSUM\u00c9TICA con contenido educacional y promocional. Puedo darme de baja a cualquier momento.\" aria-errormessage=\"wpforms-98-field_3_1-error\" required ><label class=\"wpforms-field-label-inline\" for=\"wpforms-98-field_3_1\">Estoy de acuerdo en recibir emails de CONSUM\u00c9TICA con contenido educacional y promocional. Puedo darme de baja a cualquier momento.<\/label><\/li><\/ul><\/fieldset><\/div><script>\n\t\t\t\t( function() {\n\t\t\t\t\tconst style = document.createElement( 'style' );\n\t\t\t\t\tstyle.appendChild( document.createTextNode( '#wpforms-98-field_4-container { position: absolute !important; overflow: hidden !important; display: inline !important; height: 1px !important; width: 1px !important; z-index: -1000 !important; padding: 0 !important; } #wpforms-98-field_4-container input { visibility: hidden; } #wpforms-conversational-form-page #wpforms-98-field_4-container label { counter-increment: none; }' ) );\n\t\t\t\t\tdocument.head.appendChild( style );\n\t\t\t\t\tdocument.currentScript?.remove();\n\t\t\t\t} )();\n\t\t\t<\/script><\/div><!-- .wpforms-field-container --><div class=\"wpforms-submit-container\" ><input type=\"hidden\" name=\"wpforms[id]\" value=\"98\"><input type=\"hidden\" name=\"page_title\" value=\"\"><input type=\"hidden\" name=\"page_url\" value=\"https:\/\/consumetica.com\/index.php\/wp-json\/wp\/v2\/pages\/106\"><input type=\"hidden\" name=\"url_referer\" value=\"\"><button type=\"submit\" name=\"wpforms[submit]\" id=\"wpforms-submit-98\" class=\"wpforms-submit\" data-alt-text=\"Enviando...\" data-submit-text=\"ENVIAR\" aria-live=\"assertive\" value=\"wpforms-submit\">ENVIAR<\/button><img loading=\"lazy\" decoding=\"async\" src=\"https:\/\/consumetica.com\/wp-content\/plugins\/wpforms-lite\/assets\/images\/submit-spin.svg\" class=\"wpforms-submit-spinner\" style=\"display: none;\" width=\"26\" height=\"26\" alt=\"Loading\"><\/div><\/form><\/div>  <!-- .wpforms-container -->","protected":false},"excerpt":{"rendered":"<p>S\u00famate a nuestra comunidad para recibir ideas pr\u00e1cticas y fomentar h\u00e1bitos de consumo m\u00e1s sostenibles.<\/p>\n","protected":false},"author":1,"featured_media":0,"parent":0,"menu_order":0,"comment_status":"closed","ping_status":"closed","template":"","meta":{"footnotes":""},"class_list":["post-106","page","type-page","status-publish","hentry"],"_links":{"self":[{"href":"https:\/\/consumetica.com\/index.php\/wp-json\/wp\/v2\/pages\/106","targetHints":{"allow":["GET"]}}],"collection":[{"href":"https:\/\/consumetica.com\/index.php\/wp-json\/wp\/v2\/pages"}],"about":[{"href":"https:\/\/consumetica.com\/index.php\/wp-json\/wp\/v2\/types\/page"}],"author":[{"embeddable":true,"href":"https:\/\/consumetica.com\/index.php\/wp-json\/wp\/v2\/users\/1"}],"replies":[{"embeddable":true,"href":"https:\/\/consumetica.com\/index.php\/wp-json\/wp\/v2\/comments?post=106"}],"version-history":[{"count":4,"href":"https:\/\/consumetica.com\/index.php\/wp-json\/wp\/v2\/pages\/106\/revisions"}],"predecessor-version":[{"id":114,"href":"https:\/\/consumetica.com\/index.php\/wp-json\/wp\/v2\/pages\/106\/revisions\/114"}],"wp:attachment":[{"href":"https:\/\/consumetica.com\/index.php\/wp-json\/wp\/v2\/media?parent=106"}],"curies":[{"name":"wp","href":"https:\/\/api.w.org\/{rel}","templated":true}]}}